{"id":2132,"date":"2022-07-31T07:22:46","date_gmt":"2022-07-31T07:22:46","guid":{"rendered":"https:\/\/neo-emarketing.com\/skywheel\/sky-wheel-pass\/"},"modified":"2025-03-30T22:48:03","modified_gmt":"2025-03-30T22:48:03","slug":"sky-wheel-pass","status":"publish","type":"product","link":"https:\/\/dev.skywheelcancun.com\/es\/producto\/sky-wheel-pass\/","title":{"rendered":"Sky Wheel Pass Duo"},"content":{"rendered":"<p><span class=\"strong\">Entradas:\u00a0<\/span>Le enviaremos un correo electr\u00f3nico con sus entradas poco despu\u00e9s de la compra; puede presentar las entradas en su dispositivo m\u00f3vil o puede imprimirlas.<\/p>\n<p>Atenci\u00f3n: Los menores de 90 cm de altura a 1.40 m de altura pagan como menor, los que pasen de 1.40 m pagan como adultos.<\/p>\n<p><span class=\"strong\">Visitas a atracciones:\u00a0<\/span>Le enviaremos un correo electr\u00f3nico con sus entradas poco despu\u00e9s de la compra; puede presentar las entradas en su dispositivo m\u00f3vil o puede imprimirlas.<\/p>\n<p><span class=\"strong\">Informaci\u00f3n importante a su llegada:\u00a0<\/span>Si usted es visitante mexicano, deber\u00e1 de presentar una identificaci\u00f3n oficial vigente y con fotograf\u00eda para gozar del 10% de descuento nacional. De no ser as\u00ed deber\u00e1 de pagar la diferencia en la taquilla.<\/p>\n<p class=\"mb-0\">Una vez pagado su boleto tiene una vigencia de 30 d\u00edas para disfrutarlo.<\/p>\n","protected":false},"excerpt":{"rendered":"<p>\u00a1Si no tienes tiempo de hacer todo selecciona lo que m\u00e1s te guste!<\/p>\n<p>Disfruta 2 de nuestras 3 atracciones por tiempo limitado: Sky Wheel Cancun a 90 metros de altura, Ripley\u2019s Believe it or not\u00ae o nuestra m\u00e1s nueva atracci\u00f3n, Louis Tussauds\u00ae Museo de Cera. Escoge tus 2 atracciones preferidas.<\/p>\n<p>Menores de 90 cm de altura a 1.40 m de altura pagan como menor, los que pasen de 1.40 m pagan como adultos.<\/p>\n<p>El Sky Wheel Pass Duo te da derecho a subir una vez por atracci\u00f3n.<\/p>\n","protected":false},"featured_media":2133,"comment_status":"open","ping_status":"closed","template":"","meta":[],"product_brand":[],"product_cat":[81],"product_tag":[],"class_list":{"0":"post-2132","1":"product","2":"type-product","3":"status-publish","4":"has-post-thumbnail","6":"product_cat-sin-categorizar-es","8":"first","9":"instock","10":"shipping-taxable","11":"product-type-grouped"},"_links":{"self":[{"href":"https:\/\/dev.skywheelcancun.com\/es\/wp-json\/wp\/v2\/product\/2132","targetHints":{"allow":["GET"]}}],"collection":[{"href":"https:\/\/dev.skywheelcancun.com\/es\/wp-json\/wp\/v2\/product"}],"about":[{"href":"https:\/\/dev.skywheelcancun.com\/es\/wp-json\/wp\/v2\/types\/product"}],"replies":[{"embeddable":true,"href":"https:\/\/dev.skywheelcancun.com\/es\/wp-json\/wp\/v2\/comments?post=2132"}],"wp:featuredmedia":[{"embeddable":true,"href":"https:\/\/dev.skywheelcancun.com\/es\/wp-json\/wp\/v2\/media\/2133"}],"wp:attachment":[{"href":"https:\/\/dev.skywheelcancun.com\/es\/wp-json\/wp\/v2\/media?parent=2132"}],"wp:term":[{"taxonomy":"product_brand","embeddable":true,"href":"https:\/\/dev.skywheelcancun.com\/es\/wp-json\/wp\/v2\/product_brand?post=2132"},{"taxonomy":"product_cat","embeddable":true,"href":"https:\/\/dev.skywheelcancun.com\/es\/wp-json\/wp\/v2\/product_cat?post=2132"},{"taxonomy":"product_tag","embeddable":true,"href":"https:\/\/dev.skywheelcancun.com\/es\/wp-json\/wp\/v2\/product_tag?post=2132"}],"curies":[{"name":"wp","href":"https:\/\/api.w.org\/{rel}","templated":true}]}}