{"id":2135,"date":"2022-07-31T08:14:18","date_gmt":"2022-07-31T08:14:18","guid":{"rendered":"https:\/\/neo-emarketing.com\/skywheel\/sky-wheel-pass-gold\/"},"modified":"2025-03-30T22:47:30","modified_gmt":"2025-03-30T22:47:30","slug":"sky-wheel-pass-gold","status":"publish","type":"product","link":"https:\/\/dev.skywheelcancun.com\/es\/producto\/sky-wheel-pass-gold\/","title":{"rendered":"Sky Wheel Pass GO"},"content":{"rendered":"<p><span class=\"strong\">Entradas:\u00a0<\/span>Le enviaremos un correo electr\u00f3nico con sus entradas poco despu\u00e9s de la compra; puede presentar las entradas en su dispositivo m\u00f3vil o puede imprimirlas.<\/p>\n<p>Atenci\u00f3n: Los menores de 90 cm de altura a 1.40 m de altura pagan como menor, los que pasen de 1.40 m pagan como adultos.<\/p>\n<p><span class=\"strong\">Visitas a atracciones:\u00a0<\/span>Le enviaremos un correo electr\u00f3nico con sus entradas poco despu\u00e9s de la compra; puede presentar las entradas en su dispositivo m\u00f3vil o puede imprimirlas.<\/p>\n<p class=\"mb-0\">Una vez pagado su boleto tiene una vigencia de 6 meses para disfrutarlo.<\/p>\n","protected":false},"excerpt":{"rendered":"<p>\u00a1La mejor forma de disfrutar de todas nuestras atracciones y ahorrar!<\/p>\n<p>Este es el favorito de muchos y nuestro Pase m\u00e1s vendido. Puedes disfrutar todo.<\/p>\n<p>El Sky Wheel Pass te da acceso a nuestras 3 atracciones a un precio reducido. Es definitivamente la mejor forma de pasar un buen d\u00eda con nosotros. Sky Wheel Pass incluye nuestros museo Ripley&#8217;s Believe it or Not, sube a la Rueda en Sky Wheel Canc\u00fan. El Sky Wheel Pass tambi\u00e9n incluye acceso a nuestra nueva atracci\u00f3n de Louis Tussaud&#8217;s\u00ae Museo de Cera, igualmente ubicado en Plaza La Isla.<\/p>\n<p>El Sky Wheel Pass GO te da derecho a subir una vez por atracci\u00f3n.<\/p>\n","protected":false},"featured_media":3146,"comment_status":"open","ping_status":"closed","template":"","meta":[],"product_brand":[],"product_cat":[81],"product_tag":[],"class_list":{"0":"post-2135","1":"product","2":"type-product","3":"status-publish","4":"has-post-thumbnail","6":"product_cat-sin-categorizar-es","8":"first","9":"instock","10":"shipping-taxable","11":"product-type-grouped"},"_links":{"self":[{"href":"https:\/\/dev.skywheelcancun.com\/es\/wp-json\/wp\/v2\/product\/2135","targetHints":{"allow":["GET"]}}],"collection":[{"href":"https:\/\/dev.skywheelcancun.com\/es\/wp-json\/wp\/v2\/product"}],"about":[{"href":"https:\/\/dev.skywheelcancun.com\/es\/wp-json\/wp\/v2\/types\/product"}],"replies":[{"embeddable":true,"href":"https:\/\/dev.skywheelcancun.com\/es\/wp-json\/wp\/v2\/comments?post=2135"}],"wp:featuredmedia":[{"embeddable":true,"href":"https:\/\/dev.skywheelcancun.com\/es\/wp-json\/wp\/v2\/media\/3146"}],"wp:attachment":[{"href":"https:\/\/dev.skywheelcancun.com\/es\/wp-json\/wp\/v2\/media?parent=2135"}],"wp:term":[{"taxonomy":"product_brand","embeddable":true,"href":"https:\/\/dev.skywheelcancun.com\/es\/wp-json\/wp\/v2\/product_brand?post=2135"},{"taxonomy":"product_cat","embeddable":true,"href":"https:\/\/dev.skywheelcancun.com\/es\/wp-json\/wp\/v2\/product_cat?post=2135"},{"taxonomy":"product_tag","embeddable":true,"href":"https:\/\/dev.skywheelcancun.com\/es\/wp-json\/wp\/v2\/product_tag?post=2135"}],"curies":[{"name":"wp","href":"https:\/\/api.w.org\/{rel}","templated":true}]}}