{"id":2319,"date":"2022-07-31T08:40:30","date_gmt":"2022-07-31T08:40:30","guid":{"rendered":"https:\/\/neo-emarketing.com\/skywheel\/wax-museum-cancun\/"},"modified":"2025-03-30T22:46:30","modified_gmt":"2025-03-30T22:46:30","slug":"museo-de-cera-cancun","status":"publish","type":"product","link":"https:\/\/dev.skywheelcancun.com\/es\/producto\/museo-de-cera-cancun\/","title":{"rendered":"Museo de Cera Canc\u00fan"},"content":{"rendered":"<p><span class=\"strong\">Entradas al Museo de Cera Canc\u00fan: <\/span>Le enviaremos un correo electr\u00f3nico con sus entradas poco despu\u00e9s de la compra; puede presentar las entradas en su dispositivo m\u00f3vil o puede imprimirlas.<\/p>\n<p>Atenci\u00f3n: Los menores de 90cm de altura a 1.40 m de altura pagan como menor, los que pasen de 1.40 m pagan como adultos.<\/p>\n<p><span class=\"strong\">Visitas a atracciones:\u00a0<\/span>Le enviaremos un correo electr\u00f3nico con sus entradas poco despu\u00e9s de la compra; puede presentar las entradas en su dispositivo m\u00f3vil o puede imprimirlas.<\/p>\n<p class=\"mb-0\">Una vez pagado su boleto tiene una vigencia de 30 d\u00edas para disfrutarlo.<\/p>\n","protected":false},"excerpt":{"rendered":"<p>\u00a1Enam\u00f3rate de Louis Tussaud&#8217;s Museo de Cera Canc\u00fan con m\u00e1s de 100 de las celebridades y personajes hist\u00f3ricos m\u00e1s importantes del mundo, todos en su tama\u00f1o real!<\/p>\n<h2>\u00bfD\u00f3nde se ubica el Museo de Cera Canc\u00fan?<\/h2>\n<p>Ubicado en Plaza la Isla Shopping Village ofrece una alternativa de diversi\u00f3n y entretenimiento multigeneracional pues est\u00e1 dise\u00f1ado para todo tipo de edades. El Museo cuenta con aproximadamente 100 personajes famosos de exhibici\u00f3n instalados a lo largo de 13 salas y 25 escenarios donde encontrar\u00e1s a tus h\u00e9roes, actores, lideres pol\u00edticos y deportistas favoritos.<\/p>\n<p>A diferencia de los museos tradicionales, contamos con \u00e1reas interactivas en las cuales podr\u00e1s participar y formar parte de una experiencia fotogr\u00e1fica inolvidable.<\/p>\n","protected":false},"featured_media":2109,"comment_status":"open","ping_status":"closed","template":"","meta":[],"product_brand":[],"product_cat":[88],"product_tag":[],"class_list":{"0":"post-2319","1":"product","2":"type-product","3":"status-publish","4":"has-post-thumbnail","6":"product_cat-attractions-es","8":"first","9":"instock","10":"shipping-taxable","11":"product-type-grouped"},"_links":{"self":[{"href":"https:\/\/dev.skywheelcancun.com\/es\/wp-json\/wp\/v2\/product\/2319","targetHints":{"allow":["GET"]}}],"collection":[{"href":"https:\/\/dev.skywheelcancun.com\/es\/wp-json\/wp\/v2\/product"}],"about":[{"href":"https:\/\/dev.skywheelcancun.com\/es\/wp-json\/wp\/v2\/types\/product"}],"replies":[{"embeddable":true,"href":"https:\/\/dev.skywheelcancun.com\/es\/wp-json\/wp\/v2\/comments?post=2319"}],"wp:featuredmedia":[{"embeddable":true,"href":"https:\/\/dev.skywheelcancun.com\/es\/wp-json\/wp\/v2\/media\/2109"}],"wp:attachment":[{"href":"https:\/\/dev.skywheelcancun.com\/es\/wp-json\/wp\/v2\/media?parent=2319"}],"wp:term":[{"taxonomy":"product_brand","embeddable":true,"href":"https:\/\/dev.skywheelcancun.com\/es\/wp-json\/wp\/v2\/product_brand?post=2319"},{"taxonomy":"product_cat","embeddable":true,"href":"https:\/\/dev.skywheelcancun.com\/es\/wp-json\/wp\/v2\/product_cat?post=2319"},{"taxonomy":"product_tag","embeddable":true,"href":"https:\/\/dev.skywheelcancun.com\/es\/wp-json\/wp\/v2\/product_tag?post=2319"}],"curies":[{"name":"wp","href":"https:\/\/api.w.org\/{rel}","templated":true}]}}