{"id":2329,"date":"2022-07-31T08:50:43","date_gmt":"2022-07-31T08:50:43","guid":{"rendered":"https:\/\/neo-emarketing.com\/skywheel\/chocolate-factory\/"},"modified":"2023-03-16T17:00:13","modified_gmt":"2023-03-16T17:00:13","slug":"chocolate-factory","status":"publish","type":"product","link":"https:\/\/dev.skywheelcancun.com\/es\/producto\/chocolate-factory\/","title":{"rendered":"F\u00e1brica de Chocolate Canc\u00fan"},"content":{"rendered":"<p><span class=\"strong\">Entradas:\u00a0<\/span>Le enviaremos un correo electr\u00f3nico con sus entradas poco despu\u00e9s de la compra; puede presentar las entradas en su dispositivo m\u00f3vil o puede imprimirlas.<\/p>\n<p><span class=\"strong\">Visitas a atracciones:\u00a0<\/span>Le enviaremos un correo electr\u00f3nico con sus entradas poco despu\u00e9s de la compra; puede presentar las entradas en su dispositivo m\u00f3vil o puede imprimirlas.<\/p>\n<p class=\"mb-0\">Una vez pagado su boleto tiene una vigencia de 6 meses para disfrutarlo.<\/p>\n","protected":false},"excerpt":{"rendered":"<div class=\"elementor-element elementor-element-ad1e2d5 elementor-widget elementor-widget-woocommerce-product-short-description\" data-id=\"ad1e2d5\" data-element_type=\"widget\" data-widget_type=\"woocommerce-product-short-description.default\">\n<div class=\"elementor-widget-container\">\n<div class=\"woocommerce-product-details__short-description\">\n<p>Originario de M\u00e9xico, el cacao es hoy d\u00eda uno de los alimentos preferidos en todo el mundo pues es la base con la cual se prepara el Chocolate. Y en nuestra fabrica del Chocolate, conocer\u00e1s de primera mano el proceso mediante el cual se elabora este delicioso alimento. Conoce su historia y el proceso mediante el cual hoy d\u00eda se ha convertido en uno de los alimentos m\u00e1s vendidos en el mundo.<\/p>\n<\/div>\n<\/div>\n<\/div>\n<div class=\"elementor-element elementor-element-9b531be elementor-widget-divider--view-line elementor-widget elementor-widget-divider\" data-id=\"9b531be\" data-element_type=\"widget\" data-widget_type=\"divider.default\">\n<div class=\"elementor-widget-container\">\n<div class=\"elementor-divider\"><\/div>\n<\/div>\n<\/div>\n","protected":false},"featured_media":2186,"comment_status":"open","ping_status":"closed","template":"","meta":[],"product_brand":[],"product_cat":[81],"product_tag":[],"class_list":{"0":"post-2329","1":"product","2":"type-product","3":"status-publish","4":"has-post-thumbnail","6":"product_cat-sin-categorizar-es","8":"first","9":"instock","10":"shipping-taxable","11":"product-type-external"},"_links":{"self":[{"href":"https:\/\/dev.skywheelcancun.com\/es\/wp-json\/wp\/v2\/product\/2329","targetHints":{"allow":["GET"]}}],"collection":[{"href":"https:\/\/dev.skywheelcancun.com\/es\/wp-json\/wp\/v2\/product"}],"about":[{"href":"https:\/\/dev.skywheelcancun.com\/es\/wp-json\/wp\/v2\/types\/product"}],"replies":[{"embeddable":true,"href":"https:\/\/dev.skywheelcancun.com\/es\/wp-json\/wp\/v2\/comments?post=2329"}],"wp:featuredmedia":[{"embeddable":true,"href":"https:\/\/dev.skywheelcancun.com\/es\/wp-json\/wp\/v2\/media\/2186"}],"wp:attachment":[{"href":"https:\/\/dev.skywheelcancun.com\/es\/wp-json\/wp\/v2\/media?parent=2329"}],"wp:term":[{"taxonomy":"product_brand","embeddable":true,"href":"https:\/\/dev.skywheelcancun.com\/es\/wp-json\/wp\/v2\/product_brand?post=2329"},{"taxonomy":"product_cat","embeddable":true,"href":"https:\/\/dev.skywheelcancun.com\/es\/wp-json\/wp\/v2\/product_cat?post=2329"},{"taxonomy":"product_tag","embeddable":true,"href":"https:\/\/dev.skywheelcancun.com\/es\/wp-json\/wp\/v2\/product_tag?post=2329"}],"curies":[{"name":"wp","href":"https:\/\/api.w.org\/{rel}","templated":true}]}}